{"id":11,"date":"2017-07-26T18:25:16","date_gmt":"2017-07-26T18:25:16","guid":{"rendered":"http:\/\/fsl.lu\/?p=11"},"modified":"2024-09-04T12:09:00","modified_gmt":"2024-09-04T12:09:00","slug":"statutes","status":"publish","type":"page","link":"https:\/\/www.fsl.lu\/index.php\/history\/statutes\/","title":{"rendered":"Statutes"},"content":{"rendered":"<p>Voici les liens pour acc\u00e9der aux statuts et au r\u00e8glement interne:<\/p>\n<ul>\n<li><a href=\"https:\/\/www.fsl.lu\/wp-content\/uploads\/2024\/09\/Statuts-FSL-2024.pdf\" target=\"_blank\" rel=\"noopener\">statuts FSL 2024<\/a><\/li>\n<li><a href=\"https:\/\/www.fsl.lu\/wp-content\/uploads\/2024\/09\/Reglement-interieur-FSL-2024.pdf\" target=\"_blank\" rel=\"noopener\">r\u00e8glement interne 2024<\/a><\/li>\n<\/ul>\n","protected":false},"excerpt":{"rendered":"<p>Voici les liens pour acc\u00e9der aux statuts et au r\u00e8glement interne: statuts FSL 2024 r\u00e8glement interne 2024<\/p>\n","protected":false},"author":2,"featured_media":0,"parent":10,"menu_order":1,"comment_status":"closed","ping_status":"open","template":"","meta":{"ngg_post_thumbnail":0,"spay_email":""},"jetpack_sharing_enabled":true,"jetpack_shortlink":"https:\/\/wp.me\/P9222d-b","jetpack-related-posts":[{"id":1401,"url":"https:\/\/www.fsl.lu\/index.php\/print-a-doc\/","url_meta":{"origin":11,"position":0},"title":"Official documents","date":"September 27, 2017","format":false,"excerpt":"Annuaire 2025-2026 V1.1 R\u00c8GLEMENT CLASSEMENT FSL V1.0 R\u00c8GLEMENT LICENCES V1.1 TYPES DE LICENCES R\u00c8GLEMENT CHAMPIONNAT PAR \u00c9QUIPES V1.2 R\u00c8GLEMENT COUPE DE LUXEMBOURG V1.1 R\u00c8GLEMENT DE BASE TOURNOIS FSL V1.0 Formulaire licence comp\u00e9tition Formulaire licence loisir, arbitre, entra\u00eeneur, dirigeant Conditions g\u00e9n\u00e9rales responsabilit\u00e9 civile accident Formulaire Feuille de match Formulaire Score sheet\u2026","rel":"","context":"In &quot;Official Documents&quot;","img":{"alt_text":"","src":"","width":0,"height":0},"classes":[]},{"id":3760,"url":"https:\/\/www.fsl.lu\/index.php\/ranking\/juniors-2024-2025\/","url_meta":{"origin":11,"position":1},"title":"Juniors 2024-2025","date":"July 19, 2020","format":false,"excerpt":"Seuls les matchs jou\u00e9s en PAR-11 au meilleur des 5 jeux sont pris en compte dans le calcul des rankings.","rel":"","context":"Similar post","img":{"alt_text":"","src":"","width":0,"height":0},"classes":[]},{"id":1117,"url":"https:\/\/www.fsl.lu\/index.php\/ranking\/rankings-2024-2025\/","url_meta":{"origin":11,"position":2},"title":"Rankings 2024-2025","date":"August 2, 2017","format":false,"excerpt":"","rel":"","context":"Similar post","img":{"alt_text":"","src":"","width":0,"height":0},"classes":[]},{"id":1452,"url":"https:\/\/www.fsl.lu\/index.php\/ranking\/junior-rankings-2020-2021-2\/","url_meta":{"origin":11,"position":3},"title":"Junior Rankings 2020-2021","date":"October 17, 2017","format":false,"excerpt":"Seuls les matchs jou\u00e9s en PAR-11 au meilleur des 5 jeux sont pris en compte dans le calcul des rankings.","rel":"","context":"Similar post","img":{"alt_text":"","src":"","width":0,"height":0},"classes":[]},{"id":2340,"url":"https:\/\/www.fsl.lu\/index.php\/ranking\/rankings-2018-2019\/junior-rankings-2018-2019\/","url_meta":{"origin":11,"position":4},"title":"Junior Rankings 2018-2019","date":"July 30, 2018","format":false,"excerpt":"Seuls les matchs jou\u00e9s en PAR-11 au meilleur des 5 jeux sont pris en compte dans le calcul des rankings.","rel":"","context":"Similar post","img":{"alt_text":"","src":"","width":0,"height":0},"classes":[]},{"id":9,"url":"https:\/\/www.fsl.lu\/index.php\/history\/address\/","url_meta":{"origin":11,"position":5},"title":"Address","date":"August 17, 2005","format":false,"excerpt":"Postal Address : \u00a0 F\u00e9d\u00e9ration de Squash Luxembourgeoise B.P. 1255 L-1012 Luxembourg \u00a0 Address : Comit\u00e9 Olympique et Sportif Luxembourgeois a.s.b.l. F\u00e9d\u00e9ration de Squash Luxembourgeoise 3, route d'Arlon L-8009 Strassen Luxembourg \u00a0 contact@fsl.lu","rel":"","context":"Similar post","img":{"alt_text":"","src":"","width":0,"height":0},"classes":[]}],"jetpack_likes_enabled":true,"_links":{"self":[{"href":"https:\/\/www.fsl.lu\/index.php\/wp-json\/wp\/v2\/pages\/11"}],"collection":[{"href":"https:\/\/www.fsl.lu\/index.php\/wp-json\/wp\/v2\/pages"}],"about":[{"href":"https:\/\/www.fsl.lu\/index.php\/wp-json\/wp\/v2\/types\/page"}],"author":[{"embeddable":true,"href":"https:\/\/www.fsl.lu\/index.php\/wp-json\/wp\/v2\/users\/2"}],"replies":[{"embeddable":true,"href":"https:\/\/www.fsl.lu\/index.php\/wp-json\/wp\/v2\/comments?post=11"}],"version-history":[{"count":7,"href":"https:\/\/www.fsl.lu\/index.php\/wp-json\/wp\/v2\/pages\/11\/revisions"}],"predecessor-version":[{"id":5651,"href":"https:\/\/www.fsl.lu\/index.php\/wp-json\/wp\/v2\/pages\/11\/revisions\/5651"}],"up":[{"embeddable":true,"href":"https:\/\/www.fsl.lu\/index.php\/wp-json\/wp\/v2\/pages\/10"}],"wp:attachment":[{"href":"https:\/\/www.fsl.lu\/index.php\/wp-json\/wp\/v2\/media?parent=11"}],"curies":[{"name":"wp","href":"https:\/\/api.w.org\/{rel}","templated":true}]}}