{"id":235,"date":"2005-08-19T18:03:27","date_gmt":"2005-08-19T18:03:27","guid":{"rendered":"http:\/\/fsl.lu\/index.php\/2005\/08\/19\/mont-saint-martin\/"},"modified":"2025-09-29T06:54:15","modified_gmt":"2025-09-29T06:54:15","slug":"mont-saint-martin","status":"publish","type":"page","link":"https:\/\/www.fsl.lu\/index.php\/clubs\/mont-saint-martin\/","title":{"rendered":"Mont-Saint-Martin"},"content":{"rendered":"<p><img data-attachment-id=\"1304\" data-permalink=\"https:\/\/www.fsl.lu\/index.php\/clubs\/mont-saint-martin\/msm_logo\/\" data-orig-file=\"https:\/\/i2.wp.com\/www.fsl.lu\/wp-content\/uploads\/2005\/08\/MSM_logo.jpg?fit=500%2C93&amp;ssl=1\" data-orig-size=\"500,93\" data-comments-opened=\"1\" data-image-meta=\"{&quot;aperture&quot;:&quot;0&quot;,&quot;credit&quot;:&quot;&quot;,&quot;camera&quot;:&quot;&quot;,&quot;caption&quot;:&quot;&quot;,&quot;created_timestamp&quot;:&quot;0&quot;,&quot;copyright&quot;:&quot;&quot;,&quot;focal_length&quot;:&quot;0&quot;,&quot;iso&quot;:&quot;0&quot;,&quot;shutter_speed&quot;:&quot;0&quot;,&quot;title&quot;:&quot;&quot;,&quot;orientation&quot;:&quot;0&quot;}\" data-image-title=\"MSM_logo\" data-image-description=\"\" data-image-caption=\"\" data-medium-file=\"https:\/\/i2.wp.com\/www.fsl.lu\/wp-content\/uploads\/2005\/08\/MSM_logo.jpg?fit=300%2C56&amp;ssl=1\" data-large-file=\"https:\/\/i2.wp.com\/www.fsl.lu\/wp-content\/uploads\/2005\/08\/MSM_logo.jpg?fit=500%2C93&amp;ssl=1\" loading=\"lazy\" class=\"alignnone size-medium wp-image-1304\" src=\"https:\/\/i0.wp.com\/fsl.lu\/wp-content\/uploads\/2005\/08\/MSM_logo-300x56.jpg?resize=300%2C56\" alt=\"\" width=\"300\" height=\"56\" srcset=\"https:\/\/i2.wp.com\/www.fsl.lu\/wp-content\/uploads\/2005\/08\/MSM_logo.jpg?resize=300%2C56&amp;ssl=1 300w, https:\/\/i2.wp.com\/www.fsl.lu\/wp-content\/uploads\/2005\/08\/MSM_logo.jpg?w=500&amp;ssl=1 500w\" sizes=\"(max-width: 300px) 100vw, 300px\" data-recalc-dims=\"1\" \/><\/p>\n<table style=\"width: 100%; height: 819px;\" border=\"0\" width=\"80%\" cellspacing=\"0\" cellpadding=\"0\">\n<tbody>\n<tr style=\"height: 104px;\">\n<td style=\"height: 104px;\" valign=\"top\" width=\"25%\"><strong>Official address:<\/strong><\/td>\n<td style=\"height: 104px;\"><span style=\"border-style: none;\">Complexe Sportif du Plateau Terres de Mercy<br \/>\n61bis, rue de la For\u00eat<br \/>\nF-54350 Mont-Saint-Martin<\/span><\/td>\n<\/tr>\n<tr style=\"height: 45px;\">\n<td style=\"height: 45px;\" valign=\"top\"><strong>Web Site:<\/strong><\/td>\n<td style=\"height: 45px;\">&nbsp;<\/td>\n<\/tr>\n<tr style=\"height: 104px;\">\n<td style=\"height: 104px;\" valign=\"top\" width=\"25%\"><strong>President:<\/strong><\/td>\n<td style=\"height: 104px;\"><span style=\"border-style: none;\">GRISEL, Ghislain<br \/>\n<\/span>GSM : (33) 782 721 791<br \/>\n<a href=\"m&#97;&#105;&#x6c;&#x74;&#x6f;&#x3a;g&#103;&#104;&#105;&#x73;&#x6c;&#x61;i&#64;&#114;&#105;&#x76;&#x35;&#x34;&#46;f&#114;\">&#x67;&#x67;&#x68;&#x69;&#x73;&#x6c;&#x61;&#x69;&#x40;&#x72;&#x69;&#x76;&#x35;&#x34;&#x2e;&#x66;&#x72;<\/a><\/td>\n<\/tr>\n<tr style=\"height: 104px;\">\n<td style=\"height: 104px;\" valign=\"top\" width=\"25%\"><strong>Secretary:<\/strong><\/td>\n<td style=\"height: 104px;\"><span style=\"border-style: none;\">PETIT, S\u00e9bastien<br \/>\nMob. : (33) 610 560 557<\/span><br \/>\n<span style=\"border-style: none;\"><a href=\"&#x6d;&#97;&#x69;&#108;t&#x6f;&#58;s&#x65;&#98;&#x61;&#x73;t&#x69;&#101;n&#x2e;&#112;&#x65;&#x74;i&#x74;&#53;4&#x40;&#111;r&#x61;&#110;&#x67;&#101;&#46;&#x66;&#114;\">&#115;&#x65;b&#x61;&#x73;&#116;&#x69;e&#110;&#x2e;&#112;&#x65;t&#105;&#x74;5&#x34;&#64;&#111;&#x72;a&#x6e;&#x67;&#101;&#x2e;f&#114;<\/a> <\/span><\/td>\n<\/tr>\n<tr style=\"height: 104px;\">\n<td style=\"height: 104px;\" valign=\"top\" width=\"25%\"><strong>Treasurer:<\/strong><\/td>\n<td style=\"height: 104px;\"><span style=\"border-style: none;\">LHUILLIER, Denis<br \/>\nMob. : (33) 680 661 237 <\/span><br \/>\n<span style=\"border-style: none;\"><a href=\"&#109;&#x61;i&#x6c;&#x74;&#111;&#x3a;d&#101;&#x6e;&#105;&#x73;l&#104;&#x75;i&#x6c;l&#105;&#x65;r&#x40;&#x69;&#99;&#x6c;o&#117;&#x64;&#46;&#x63;o&#109;\">&#x64;&#101;n&#x69;&#115;l&#x68;&#117;i&#x6c;&#x6c;&#105;&#x65;&#x72;&#64;i&#x63;&#108;o&#x75;&#100;&#46;&#x63;&#x6f;&#109;<\/a> <b> <\/b> <\/span><\/td>\n<\/tr>\n<tr style=\"height: 45px;\">\n<td style=\"height: 45px;\" valign=\"top\"><strong>FSL Rep.:<\/strong><\/td>\n<td style=\"height: 45px;\">GRISEL, Ghislain<\/td>\n<\/tr>\n<tr style=\"height: 45px;\">\n<td style=\"height: 45px;\" valign=\"top\" width=\"25%\"><strong>Licences et M\u00e9dicos:<\/strong><\/td>\n<td style=\"height: 45px;\">GRISEL, Ghislain<\/td>\n<\/tr>\n<tr style=\"height: 104px;\">\n<td style=\"height: 104px;\" valign=\"top\" width=\"25%\"><strong>Team Captains:<\/strong><\/td>\n<td style=\"height: 104px;\">PETIT, S\u00e9bastien<br \/>\nMob. : (33) 610 560 557<br \/>\n<a href=\"m&#97;&#x69;&#x6c;&#x74;o&#58;&#x73;&#x65;&#x62;a&#115;&#x74;&#x69;&#x65;n&#46;&#x70;&#x65;&#x74;i&#116;&#x35;&#x34;&#x40;o&#114;&#x61;&#x6e;&#x67;e&#46;&#x66;&#x72;\">seb&#97;&#115;&#116;&#105;&#x65;&#x6e;&#x2e;&#x70;&#x65;&#x74;&#x69;t54&#64;&#111;&#114;&#97;&#110;&#x67;&#x65;&#x2e;&#x66;&#x72;<\/a><\/td>\n<\/tr>\n<tr style=\"height: 164px;\">\n<td valign=\"top\" width=\"25%\"><strong><a href=\"https:\/\/www.fsl.lu\/index.php\/clubs\/angels-squash-club\/tinysquashcourt\/\" rel=\"attachment wp-att-6193\"><img data-attachment-id=\"6193\" data-permalink=\"https:\/\/www.fsl.lu\/index.php\/clubs\/angels-squash-club\/tinysquashcourt\/\" data-orig-file=\"https:\/\/i0.wp.com\/www.fsl.lu\/wp-content\/uploads\/2025\/08\/TinySquashCourt.jpg?fit=172%2C138&amp;ssl=1\" data-orig-size=\"172,138\" data-comments-opened=\"1\" data-image-meta=\"{&quot;aperture&quot;:&quot;0&quot;,&quot;credit&quot;:&quot;&quot;,&quot;camera&quot;:&quot;&quot;,&quot;caption&quot;:&quot;&quot;,&quot;created_timestamp&quot;:&quot;0&quot;,&quot;copyright&quot;:&quot;&quot;,&quot;focal_length&quot;:&quot;0&quot;,&quot;iso&quot;:&quot;0&quot;,&quot;shutter_speed&quot;:&quot;0&quot;,&quot;title&quot;:&quot;&quot;,&quot;orientation&quot;:&quot;0&quot;}\" data-image-title=\"TinySquashCourt\" data-image-description=\"\" data-image-caption=\"\" data-medium-file=\"https:\/\/i0.wp.com\/www.fsl.lu\/wp-content\/uploads\/2025\/08\/TinySquashCourt.jpg?fit=172%2C138&amp;ssl=1\" data-large-file=\"https:\/\/i0.wp.com\/www.fsl.lu\/wp-content\/uploads\/2025\/08\/TinySquashCourt.jpg?fit=172%2C138&amp;ssl=1\" loading=\"lazy\" class=\"alignnone wp-image-6193\" src=\"https:\/\/i0.wp.com\/www.fsl.lu\/wp-content\/uploads\/2025\/08\/TinySquashCourt.jpg?resize=100%2C80&#038;ssl=1\" alt=\"\" width=\"100\" height=\"80\"  data-recalc-dims=\"1\"><\/a><\/strong><\/td>\n<td style=\"height: 164px;\">Complexe Sportif du Plateau Terres de Mercy<br \/>\n61bis, rue de la For\u00eat<br \/>\nF-54350 Mont-Saint-Martin<br \/>\nT\u00e9l. (33) 3 82 25 47 75<br \/>\n(<a href=\"http:\/\/fsl.lu\/wp-content\/uploads\/2005\/08\/Itineraire_MSM.pdf\" target=\"_blank\" rel=\"noopener noreferrer\">voir plan d&#8221;acc\u00e8s ci-joint <\/a>)<\/td>\n<\/tr>\n<\/tbody>\n<\/table>\n<p>&nbsp;<\/p>\n","protected":false},"excerpt":{"rendered":"<p>Official address: Complexe Sportif du Plateau Terres de Mercy 61bis, rue de la For\u00eat F-54350 Mont-Saint-Martin Web Site: &nbsp; President: GRISEL, Ghislain GSM : (33) 782 721 791 &#103;&#x67;&#104;&#x69;&#115;&#x6c;a&#x69;&#64;&#114;&#x69;&#118;&#x35;&#52;&#x2e;f&#x72; Secretary: PETIT, S\u00e9bastien Mob. : (33) 610 560 557 &#x73;&#x65;&#x62;&#x61;&#115;&#116;&#105;&#101;n&#46;p&#x65;&#x74;&#x69;&#x74;&#x35;&#52;&#64;&#111;ran&#x67;&#x65;&#x2e;&#x66;&#x72; Treasurer: LHUILLIER, Denis Mob. : (33) 680 661 237 &#x64;&#x65;&#x6e;&#105;&#115;lh&#x75;&#x69;&#x6c;&#108;&#105;er&#x40;&#x69;&#x63;&#108;&#111;ud&#x2e;&#x63;&#x6f;&#109; FSL Rep.: GRISEL, Ghislain Licences et M\u00e9dicos: GRISEL, Ghislain Team Captains: PETIT, S\u00e9bastien Mob. : (33) 610 560 557 s&#101;&#x62;&#x61;s&#116;&#x69;&#x65;n&#46;&#x70;&#x65;t&#105;&#x74;&#x35;4&#64;&#x6f;&#x72;a&#110;&#103;&#x65;&#x2e;f&#114; Complexe Sportif du Plateau Terres de Mercy 61bis, rue de la For\u00eat F-54350 Mont-Saint-Martin T\u00e9l. (33) 3 82 25 47 75 (voir plan d&#8221;acc\u00e8s ci-joint ) &nbsp;<\/p>\n","protected":false},"author":2,"featured_media":0,"parent":39,"menu_order":1,"comment_status":"open","ping_status":"open","template":"","meta":{"ngg_post_thumbnail":0,"spay_email":""},"jetpack_sharing_enabled":true,"jetpack_shortlink":"https:\/\/wp.me\/P9222d-3N","jetpack-related-posts":[{"id":39,"url":"https:\/\/www.fsl.lu\/index.php\/clubs\/","url_meta":{"origin":235,"position":0},"title":"Our clubs","date":"August 19, 2005","format":false,"excerpt":"At present there are 9 squash centers in Luxembourg amounting to 24 courts which accommodate 12 individual clubs. Mont-Saint-Martin, Thionville (France) are included in Luxembourg's Team Championships. Clubs 2025\/2026 Number of teams Men Ladies Angels Squash Club 3 0 EU Squash Club 0 0 EIB 2 0 Squash Club Ettelbruck\u2026","rel":"","context":"Similar post","img":{"alt_text":"","src":"","width":0,"height":0},"classes":[]},{"id":41,"url":"https:\/\/www.fsl.lu\/index.php\/team-champions\/","url_meta":{"origin":235,"position":1},"title":"Team Champions","date":"August 24, 2005","format":false,"excerpt":"NATIONAL TEAM CHAMPIONS MEN \u00a0 LADIES \u00a0 Winner Runner-up \u00a0 Winner Runner-up 1982\/83 Lazy Lob \u00a0 1982\/83 Lazy Lob \u00a0 1983\/84 SCL Lazy Lob 1983\/84 Lazy Lob \u00a0 1984\/85 Lazy Lob Communities 1984\/85 SCL Findel Lazy Lob 1985\/86 Lazy Lob \u00a0 1985\/86 SCL Findel Lazy Lob 1986\/87 Esch Lazy Lob\u2026","rel":"","context":"In &quot;Palmar\u00e8s&quot;","img":{"alt_text":"","src":"","width":0,"height":0},"classes":[]}],"jetpack_likes_enabled":true,"_links":{"self":[{"href":"https:\/\/www.fsl.lu\/index.php\/wp-json\/wp\/v2\/pages\/235"}],"collection":[{"href":"https:\/\/www.fsl.lu\/index.php\/wp-json\/wp\/v2\/pages"}],"about":[{"href":"https:\/\/www.fsl.lu\/index.php\/wp-json\/wp\/v2\/types\/page"}],"author":[{"embeddable":true,"href":"https:\/\/www.fsl.lu\/index.php\/wp-json\/wp\/v2\/users\/2"}],"replies":[{"embeddable":true,"href":"https:\/\/www.fsl.lu\/index.php\/wp-json\/wp\/v2\/comments?post=235"}],"version-history":[{"count":25,"href":"https:\/\/www.fsl.lu\/index.php\/wp-json\/wp\/v2\/pages\/235\/revisions"}],"predecessor-version":[{"id":6270,"href":"https:\/\/www.fsl.lu\/index.php\/wp-json\/wp\/v2\/pages\/235\/revisions\/6270"}],"up":[{"embeddable":true,"href":"https:\/\/www.fsl.lu\/index.php\/wp-json\/wp\/v2\/pages\/39"}],"wp:attachment":[{"href":"https:\/\/www.fsl.lu\/index.php\/wp-json\/wp\/v2\/media?parent=235"}],"curies":[{"name":"wp","href":"https:\/\/api.w.org\/{rel}","templated":true}]}}