{"id":34,"date":"2005-08-19T18:06:02","date_gmt":"2005-08-19T18:06:02","guid":{"rendered":"http:\/\/fsl.lu\/index.php\/2005\/08\/19\/squash-club-sandweiler\/"},"modified":"2025-08-25T13:49:37","modified_gmt":"2025-08-25T13:49:37","slug":"squash-club-sandweiler","status":"publish","type":"page","link":"https:\/\/www.fsl.lu\/index.php\/clubs\/squash-club-sandweiler\/","title":{"rendered":"Squash Club Sandweiler"},"content":{"rendered":"<p><img data-attachment-id=\"1266\" data-permalink=\"https:\/\/www.fsl.lu\/index.php\/clubs\/squash-club-sandweiler\/logoscs2017_lr\/\" data-orig-file=\"https:\/\/i2.wp.com\/www.fsl.lu\/wp-content\/uploads\/2005\/08\/LogoSCS2017_LR.png?fit=712%2C331&amp;ssl=1\" data-orig-size=\"712,331\" data-comments-opened=\"1\" data-image-meta=\"{&quot;aperture&quot;:&quot;0&quot;,&quot;credit&quot;:&quot;&quot;,&quot;camera&quot;:&quot;&quot;,&quot;caption&quot;:&quot;&quot;,&quot;created_timestamp&quot;:&quot;0&quot;,&quot;copyright&quot;:&quot;&quot;,&quot;focal_length&quot;:&quot;0&quot;,&quot;iso&quot;:&quot;0&quot;,&quot;shutter_speed&quot;:&quot;0&quot;,&quot;title&quot;:&quot;&quot;,&quot;orientation&quot;:&quot;0&quot;}\" data-image-title=\"LogoSCS2017_LR\" data-image-description=\"\" data-image-caption=\"\" data-medium-file=\"https:\/\/i2.wp.com\/www.fsl.lu\/wp-content\/uploads\/2005\/08\/LogoSCS2017_LR.png?fit=300%2C139&amp;ssl=1\" data-large-file=\"https:\/\/i2.wp.com\/www.fsl.lu\/wp-content\/uploads\/2005\/08\/LogoSCS2017_LR.png?fit=712%2C331&amp;ssl=1\" loading=\"lazy\" class=\"alignnone  wp-image-1266\" style=\"color: #757575; font-size: 12px;\" src=\"https:\/\/i0.wp.com\/fsl.lu\/wp-content\/uploads\/2005\/08\/LogoSCS2017_LR-300x139.png?resize=244%2C113\" alt=\"\" width=\"244\" height=\"113\" srcset=\"https:\/\/i2.wp.com\/www.fsl.lu\/wp-content\/uploads\/2005\/08\/LogoSCS2017_LR.png?resize=300%2C139&amp;ssl=1 300w, https:\/\/i2.wp.com\/www.fsl.lu\/wp-content\/uploads\/2005\/08\/LogoSCS2017_LR.png?w=712&amp;ssl=1 712w\" sizes=\"(max-width: 244px) 100vw, 244px\" data-recalc-dims=\"1\" \/><\/p>\n<table width=\"80%\" cellspacing=\"0\" cellpadding=\"0\" border=\"0\">\n<tbody>\n<tr>\n<td width=\"25%\" valign=\"top\"><strong>Official address:<\/strong><\/td>\n<td><span style=\"border-style: none;\"> Squash Club Sandweiler<br \/>c\/o Top Squash<br \/>25, rue de la Gare<br \/>L-5218 Sandweiler<br \/>Tel : +352 35 71 81<br \/>Fax : +352 35 76 09 <\/span><\/td>\n<\/tr>\n<tr>\n<td valign=\"top\"><strong>Web Site:<\/strong><\/td>\n<td>&nbsp;<\/td>\n<\/tr>\n<tr>\n<td width=\"25%\" valign=\"top\"><strong>President:<\/strong><\/td>\n<td><span style=\"border-style: none;\">P\u00c9CHEUR, Eric<br \/>Mob. : (see annuaire)<br \/><a href=\"&#109;&#x61;&#x69;l&#116;&#x6f;:&#112;&#x65;c&#104;&#x65;u&#114;&#x65;&#x72;&#105;&#x63;&#x40;y&#97;&#x68;o&#111;&#x2e;f&#114;\">&#112;&#x65;c&#x68;&#x65;&#117;&#x72;e&#114;&#x69;&#99;&#x40;y&#97;&#x68;o&#x6f;&#46;&#102;&#x72;<\/a><\/span><\/td>\n<\/tr>\n<tr>\n<td width=\"25%\" valign=\"top\"><strong>Vice-President:<\/strong><\/td>\n<td><span style=\"border-style: none;\">CAPURSO, Michele<br \/>Mob. : (see annuaire)<br \/><a href=\"mailto:miccapurso&#64;gmail&#46;&#99;&#111;&#109;\">&#109;i&#x63;c&#x61;&#112;&#x75;&#114;&#x73;&#111;&#64;&#x67;m&#x61;&#105;&#x6c;&#46;&#x63;&#111;&#x6d;<\/a><\/span><\/td>\n<\/tr>\n<tr>\n<td width=\"25%\" valign=\"top\"><strong>Secretary:<\/strong><\/td>\n<td><span style=\"border-style: none;\">VALL\u00c9E, Christophe<br \/>Mob. : (see annuaire)<br \/><a href=\"m&#97;&#105;&#x6c;&#x74;&#x6f;&#x3a;c&#104;&#114;&#105;&#x73;&#x2e;&#x76;al&#108;&#101;&#x65;&#x40;&#x70;os&#116;&#101;&#x6f;&#x2e;&#x6e;et\">&#x63;&#x68;&#x72;&#105;&#115;&#46;v&#x61;&#x6c;&#x6c;&#101;&#101;&#64;p&#x6f;&#x73;&#x74;&#101;&#111;&#46;n&#x65;&#x74;<\/a><br \/><\/span><\/td>\n<\/tr>\n<tr>\n<td width=\"25%\" valign=\"top\"><strong>Treasurer:<\/strong><\/td>\n<td><span style=\"border-style: none;\">EGER, Philippe<br \/>Mob. : (see annuaire)<a href=\"&#x6d;&#97;i&#x6c;&#x74;&#111;:&#x70;&#104;i&#x6c;&#x69;&#112;p&#x65;&#46;e&#x67;&#x65;&#114;&#64;&#x62;&#x62;&#104;&#x2e;&#x63;&#111;m\"><br \/>&#x70;h&#x69;&#108;&#x69;&#112;p&#x65;&#46;&#x65;&#103;&#x65;&#114;&#64;&#x62;&#98;&#x68;&#46;c&#x6f;m<\/a> <\/span><\/td>\n<\/tr>\n<tr>\n<td valign=\"top\"><strong>FSL Rep.:<\/strong><\/td>\n<td><span style=\"border-style: none;\">P\u00c9CHEUR, Eric<\/span><\/td>\n<\/tr>\n<tr>\n<td width=\"25%\" valign=\"top\"><strong>Licence et M\u00e9dico:<\/strong><\/td>\n<td><span style=\"border-style: none;\">P\u00c9CHEUR, Eric<\/span><\/td>\n<\/tr>\n<tr>\n<td width=\"25%\" valign=\"top\"><strong>Team Captains:<\/strong><\/td>\n<td><span style=\"border-style: none;\">P\u00c9CHEUR, Eric<br \/>Mob.: (see annuaire)<a href=\"m&#97;&#x69;&#x6c;t&#111;&#58;&#x70;&#x65;c&#104;&#x65;&#x75;r&#101;&#114;&#x69;&#x63;&#64;&#121;&#x61;&#x68;o&#111;&#46;&#x66;&#x72;\"><u><br \/>&#x70;&#x65;&#x63;&#x68;&#101;&#117;&#114;&#101;ric&#x40;&#x79;&#x61;&#x68;&#x6f;&#111;&#46;&#102;r<\/u><\/a>&nbsp;<\/span><\/td>\n<\/tr>\n<tr>\n<td valign=\"top\" width=\"25%\"><strong><a href=\"https:\/\/www.fsl.lu\/index.php\/clubs\/angels-squash-club\/tinysquashcourt\/\" rel=\"attachment wp-att-6193\"><img data-attachment-id=\"6193\" data-permalink=\"https:\/\/www.fsl.lu\/index.php\/clubs\/angels-squash-club\/tinysquashcourt\/\" data-orig-file=\"https:\/\/i0.wp.com\/www.fsl.lu\/wp-content\/uploads\/2025\/08\/TinySquashCourt.jpg?fit=172%2C138&amp;ssl=1\" data-orig-size=\"172,138\" data-comments-opened=\"1\" data-image-meta=\"{&quot;aperture&quot;:&quot;0&quot;,&quot;credit&quot;:&quot;&quot;,&quot;camera&quot;:&quot;&quot;,&quot;caption&quot;:&quot;&quot;,&quot;created_timestamp&quot;:&quot;0&quot;,&quot;copyright&quot;:&quot;&quot;,&quot;focal_length&quot;:&quot;0&quot;,&quot;iso&quot;:&quot;0&quot;,&quot;shutter_speed&quot;:&quot;0&quot;,&quot;title&quot;:&quot;&quot;,&quot;orientation&quot;:&quot;0&quot;}\" data-image-title=\"TinySquashCourt\" data-image-description=\"\" data-image-caption=\"\" data-medium-file=\"https:\/\/i0.wp.com\/www.fsl.lu\/wp-content\/uploads\/2025\/08\/TinySquashCourt.jpg?fit=172%2C138&amp;ssl=1\" data-large-file=\"https:\/\/i0.wp.com\/www.fsl.lu\/wp-content\/uploads\/2025\/08\/TinySquashCourt.jpg?fit=172%2C138&amp;ssl=1\" loading=\"lazy\" class=\"alignnone wp-image-6193\" src=\"https:\/\/i0.wp.com\/www.fsl.lu\/wp-content\/uploads\/2025\/08\/TinySquashCourt.jpg?resize=100%2C80&#038;ssl=1\" alt=\"\" width=\"100\" height=\"80\"  data-recalc-dims=\"1\"><\/a><\/strong><\/td>\n<td>Top Squash<br \/>Sandweiler<br \/>Right turn off N2 in Sandweiler.<br \/>(\u00abTerrain de Squash\u00bb is indicated).<br \/>7 squash courts; fitness; sauna.<br \/>Tennis nearby.<\/td>\n<\/tr>\n<\/tbody>\n<\/table>\n<p>&nbsp;<\/p>\n","protected":false},"excerpt":{"rendered":"<p>Official address: Squash Club Sandweilerc\/o Top Squash25, rue de la GareL-5218 SandweilerTel : +352 35 71 81Fax : +352 35 76 09 Web Site: &nbsp; President: P\u00c9CHEUR, EricMob. : (see annuaire)&#x70;&#x65;&#x63;&#x68;&#x65;&#x75;&#x72;&#101;&#114;&#105;&#99;&#64;yaho&#x6f;&#x2e;&#x66;&#x72; Vice-President: CAPURSO, MicheleMob. : (see annuaire)miccap&#117;&#114;&#115;&#111;&#64;&#103;&#109;&#x61;&#x69;&#x6c;&#x2e;&#x63;&#x6f;&#x6d; Secretary: VALL\u00c9E, ChristopheMob. : (see annuaire)&#99;&#x68;&#114;&#x69;&#115;&#x2e;&#118;&#x61;&#108;&#x6c;&#101;&#x65;&#64;&#x70;&#111;&#x73;&#116;&#x65;&#111;&#x2e;&#110;&#x65;&#116; Treasurer: EGER, PhilippeMob. : (see annuaire)&#x70;&#104;&#105;&#x6c;&#x69;&#112;&#112;&#x65;&#x2e;&#101;&#103;&#x65;&#x72;&#64;&#98;&#x62;&#x68;&#46;&#99;&#x6f;&#x6d; FSL Rep.: P\u00c9CHEUR, Eric Licence et M\u00e9dico: P\u00c9CHEUR, Eric Team Captains: P\u00c9CHEUR, EricMob.: (see annuaire)&#x70;&#x65;&#x63;&#x68;&#101;&#117;&#114;&#101;ric&#x40;&#x79;&#x61;&#x68;&#x6f;&#111;&#46;&#102;r&nbsp; Top SquashSandweilerRight turn off N2 in Sandweiler.(\u00abTerrain de Squash\u00bb is indicated).7 squash courts; fitness; sauna.Tennis nearby. &nbsp;<\/p>\n","protected":false},"author":2,"featured_media":0,"parent":39,"menu_order":7,"comment_status":"open","ping_status":"open","template":"","meta":{"ngg_post_thumbnail":0,"spay_email":""},"jetpack_sharing_enabled":true,"jetpack_shortlink":"https:\/\/wp.me\/P9222d-y","jetpack-related-posts":[{"id":1934,"url":"https:\/\/www.fsl.lu\/index.php\/clubs\/topsquashclub\/","url_meta":{"origin":34,"position":0},"title":"Top Squash Sandweiler","date":"March 2, 2018","format":false,"excerpt":"Official address: Top Squash 25, rue de la Gare L-5218 Sandweiler Tel : +352 35 71 81 Fax : +352 35 76 09 \u00a0 Web Site: www.topsquash.lu \u00a0 President: SNEYD, Nathan Tel. bur. : 35 71 81 Mob. : (see annuaire) nathan.sneyd@topsquash.lu \u00a0 Secretary: \u00a0 \u00a0 Treasurer: \u00a0 \u00a0 FSL\u2026","rel":"","context":"Similar post","img":{"alt_text":"","src":"","width":0,"height":0},"classes":[]},{"id":733,"url":"https:\/\/www.fsl.lu\/index.php\/clubs\/g-squash-club\/","url_meta":{"origin":34,"position":1},"title":"G Squash Club","date":"August 19, 2005","format":false,"excerpt":"Official address: G Squash Club 36B Bd Robert Schuman L-2340 Olm Web Site: \u00a0 President: WIDART, David Mob. : (see annuaire) davidwidart@hotmail.com Secretary: VAN WILDERODE, Philippe Mob.: (see annuaire) philippe.vanwilderode@gmail.com Treasurer: GACOIN, Benjamin Mob.: (see annuaire) ben_gacoin@hotmail.com FSL Rep.: WIDART, David Licence et M\u00e9dico: WIDART, David Team Captains: All 4\u2026","rel":"","context":"Similar post","img":{"alt_text":"","src":"","width":0,"height":0},"classes":[]},{"id":30,"url":"https:\/\/www.fsl.lu\/index.php\/clubs\/communities-squash-club\/","url_meta":{"origin":34,"position":2},"title":"EU Squash Club","date":"August 19, 2005","format":false,"excerpt":"Official address: EU Squash Club c\/o M. Antoni BROSSA PALET OPOCE 2 rue Mercier L - 2985 Luxembourg Tel. : 29 29 44 599 Web Site: https:\/\/eusclux.wordpress.com President: BROSSA PALET, Antoni Tel. : (see annuaire) info@eusclux.eu Vice-President: MAZUR, Karolina Tel. : (see annuaire) info@eusclux.eu Secretary: KR\u0160LIN, Sta\u0161a Tel. : (see\u2026","rel":"","context":"Similar post","img":{"alt_text":"","src":"","width":0,"height":0},"classes":[]},{"id":29,"url":"https:\/\/www.fsl.lu\/index.php\/clubs\/angels-squash-club\/","url_meta":{"origin":34,"position":3},"title":"Angels Squash Club","date":"August 19, 2005","format":false,"excerpt":"Official address: 16, rue Georges HamenL-5219 Sandweiler Web Site: http:\/\/www.angelssquash.net President: NIGHTINGALE, TonyGSM. : (see annuaire) tnightingale@ebn-net.com Secretary: CRAIGHERO, Christine Treasurer: BODIN, Daviddavebodin@yahoo.fr FSL Rep.: GOGGINS, Fiachna Team Captains: 1, 2, 3 & Ladies:angelscaptains@gmail.comDARLINGTON, JackGSM. : (see annuaire)MASSET, EricGSM. : (see annuaire) Top Squash25 rue de la gare,L-5218 Sandweiler \u00a0","rel":"","context":"Similar post","img":{"alt_text":"","src":"","width":0,"height":0},"classes":[]},{"id":33,"url":"https:\/\/www.fsl.lu\/index.php\/clubs\/squash-club-de-petange\/","url_meta":{"origin":34,"position":4},"title":"Squash Club de P\u00e9tange","date":"August 19, 2005","format":false,"excerpt":"Official address: Squash Club P\u00e9tange Chalet Langwiss 1 rue du Stade L-4711 Linger Web Site: http:\/\/www.squashpetange.lu\/ President: SAVINI, Alex Mob. : (see annuaire) Savini.Alex@outlook.com Vice-president: HAUX, Ken Mob. : (see annuaire) khaux@hotmail.com Secretary: secretariat@squashpetange.lu ou khaux@hotmail.com Treasurer: LIPPERT, Sam FSL Rep.: SAVINI, Alex Licence et M\u00e9dico: SCHANTZEN, Steve Team Captains:\u2026","rel":"","context":"Similar post","img":{"alt_text":"","src":"","width":0,"height":0},"classes":[]},{"id":1936,"url":"https:\/\/www.fsl.lu\/index.php\/clubs\/ultimate\/","url_meta":{"origin":34,"position":5},"title":"Ultimate Squash Club","date":"March 4, 2018","format":false,"excerpt":"Official address: Ultimate Squash Club10 om KlaeppchenL-5682 Dahleim Web Site: \u00a0 President: RICKELL, AdamMob.: (see annuaire)adamrickell@icloud.com Secretary: KIKANO, PaulMob. : (see annuaire)paulkikano@gmail.com Treasurer: INGLIS-SMITH, DanielMob.: (see annuaire)danielinglissmith@hotmail.com FSL Rep.: RICKELL, Adam Licence et M\u00e9dico: RICKELL, Adam Team Captains: All teams:WEARE, ChrisMob. : (see annuaire)chriswjweare@hotmail.comREID, AlistairMob. : (see annuaire)alistair.reid88@gmail.com CK Sportcenter\u2026","rel":"","context":"Similar post","img":{"alt_text":"","src":"","width":0,"height":0},"classes":[]}],"jetpack_likes_enabled":true,"_links":{"self":[{"href":"https:\/\/www.fsl.lu\/index.php\/wp-json\/wp\/v2\/pages\/34"}],"collection":[{"href":"https:\/\/www.fsl.lu\/index.php\/wp-json\/wp\/v2\/pages"}],"about":[{"href":"https:\/\/www.fsl.lu\/index.php\/wp-json\/wp\/v2\/types\/page"}],"author":[{"embeddable":true,"href":"https:\/\/www.fsl.lu\/index.php\/wp-json\/wp\/v2\/users\/2"}],"replies":[{"embeddable":true,"href":"https:\/\/www.fsl.lu\/index.php\/wp-json\/wp\/v2\/comments?post=34"}],"version-history":[{"count":9,"href":"https:\/\/www.fsl.lu\/index.php\/wp-json\/wp\/v2\/pages\/34\/revisions"}],"predecessor-version":[{"id":6202,"href":"https:\/\/www.fsl.lu\/index.php\/wp-json\/wp\/v2\/pages\/34\/revisions\/6202"}],"up":[{"embeddable":true,"href":"https:\/\/www.fsl.lu\/index.php\/wp-json\/wp\/v2\/pages\/39"}],"wp:attachment":[{"href":"https:\/\/www.fsl.lu\/index.php\/wp-json\/wp\/v2\/media?parent=34"}],"curies":[{"name":"wp","href":"https:\/\/api.w.org\/{rel}","templated":true}]}}