{"id":6,"date":"2005-08-17T10:56:56","date_gmt":"2005-08-17T10:56:56","guid":{"rendered":"http:\/\/fsl.lu\/index.php\/2005\/08\/17\/administration\/"},"modified":"2024-09-04T13:59:32","modified_gmt":"2024-09-04T13:59:32","slug":"administration","status":"publish","type":"page","link":"https:\/\/www.fsl.lu\/index.php\/history\/administration\/","title":{"rendered":"Conseil d&#8217;Administration"},"content":{"rendered":"<h2>Le Conseil d&#8217;Administration<\/h2>\n<table class=\"htmtableborders\" style=\"width: 100%; height: 170px;\" cellspacing=\"0\" cellpadding=\"0\" border=\"0\">\n<tbody>\n<tr style=\"height: 24px;\">\n<td style=\"text-align: left; width: 23.6844%; height: 24px;\" width=\"180\"><span style=\"font-family: Arial, Helvetica, sans-serif; font-size: 12pt;\"><b>Pr\u00e9sident:<\/b><\/span><\/td>\n<td style=\"width: 33.0279%; height: 24px;\" width=\"250\"><span style=\"font-family: tahoma, arial, helvetica, sans-serif; font-size: 12pt;\">PLANCKE Guillaume<\/span><\/td>\n<td style=\"width: 43.0137%; height: 24px;\" width=\"250\">president &#8211; at &#8211; fsl.lu<\/td>\n<\/tr>\n<tr style=\"height: 24px;\">\n<td style=\"width: 23.6844%; height: 24px;\"><span style=\"font-family: Arial, Helvetica, sans-serif; font-size: 12pt;\"><b>Tr\u00e9sorier:<\/b><\/span><\/td>\n<td style=\"width: 33.0279%; height: 24px;\"><span style=\"font-size: 12pt; font-family: tahoma, arial, helvetica, sans-serif;\">SOYKAN Dolunay<br \/><\/span><\/td>\n<td style=\"width: 43.0137%; height: 24px;\">treasurer &#8211; at &#8211; fsl.lu<\/td>\n<\/tr>\n<tr style=\"height: 46px;\">\n<td style=\"width: 23.6844%; height: 25px;\"><span style=\"font-family: Arial, Helvetica, sans-serif; font-size: 12pt;\"><b>Vice-Pr\u00e9sidente:<\/b><\/span><\/td>\n<td style=\"width: 33.0279%; height: 25px;\"><span style=\"font-size: 12pt; font-family: tahoma, arial, helvetica, sans-serif;\"> ARCONE Daniela<\/span><\/td>\n<td style=\"width: 43.0137%; height: 25px;\">&nbsp;<\/td>\n<\/tr>\n<tr style=\"height: 24px;\">\n<td style=\"width: 23.6844%; height: 24px;\"><span style=\"font-family: Arial, Helvetica, sans-serif; font-size: 12pt;\"><b>Responsable CT:<\/b><\/span><\/td>\n<td style=\"width: 33.0279%; height: 24px;\"><span style=\"font-family: tahoma, arial, helvetica, sans-serif; font-size: 12pt;\">PLANCKE Guillaume<\/span><\/td>\n<td style=\"width: 43.0137%; height: 24px;\">contact &#8211; at &#8211; fsl.lu<\/td>\n<\/tr>\n<tr style=\"height: 24px;\">\n<td style=\"width: 23.6844%; height: 24px;\"><span style=\"font-family: Arial, Helvetica, sans-serif; font-size: 12pt;\"><b>Secr\u00e9taire:<\/b><\/span><\/td>\n<td style=\"width: 33.0279%; height: 24px;\"><span style=\"font-size: 12pt; font-family: tahoma, arial, helvetica, sans-serif;\">MAZUR Karolina<br \/><\/span><\/td>\n<td style=\"width: 43.0137%; height: 24px;\">secretary &#8211; at &#8211; fsl.lu<\/td>\n<\/tr>\n<tr style=\"height: 46px;\">\n<td style=\"width: 23.6844%; height: 26px;\"><span style=\"font-family: Arial, Helvetica, sans-serif; font-size: 12pt;\"><b>Responsable CCF :<\/b><\/span><\/td>\n<td style=\"width: 33.0279%; height: 26px;\"><span style=\"font-size: 12pt; font-family: tahoma, arial, helvetica, sans-serif;\">ARCONE Daniela<\/span><\/td>\n<td style=\"width: 43.0137%; height: 26px;\">ccf &#8211; at &#8211; fsl.lu<\/td>\n<\/tr>\n<tr style=\"height: 23px;\">\n<td style=\"width: 23.6844%; height: 23px;\"><span style=\"font-family: Arial, Helvetica, sans-serif; font-size: 12pt;\"><b>Membres:<\/b><\/span><\/td>\n<td style=\"width: 33.0279%; height: 23px;\"><span style=\"font-size: 12pt; font-family: tahoma, arial, helvetica, sans-serif;\">VERHOEVEN Daniel<\/span><\/td>\n<td style=\"width: 43.0137%; height: 23px;\">&nbsp;<\/td>\n<\/tr>\n<tr>\n<td style=\"width: 23.6844%;\"><span style=\"font-family: Arial, Helvetica, sans-serif; font-size: 12pt;\"><b>&nbsp;<\/b><\/span><\/td>\n<td style=\"width: 33.0279%;\">&nbsp;<\/td>\n<td style=\"width: 43.0137%;\">&nbsp;<\/td>\n<\/tr>\n<\/tbody>\n<\/table>\n<p>&nbsp;<\/p>\n","protected":false},"excerpt":{"rendered":"<p>Le Conseil d&#8217;Administration Pr\u00e9sident: PLANCKE Guillaume president &#8211; at &#8211; fsl.lu Tr\u00e9sorier: SOYKAN Dolunay treasurer &#8211; at &#8211; fsl.lu Vice-Pr\u00e9sidente: ARCONE Daniela &nbsp; Responsable CT: PLANCKE Guillaume contact &#8211; at &#8211; fsl.lu Secr\u00e9taire: MAZUR Karolina secretary &#8211; at &#8211; fsl.lu Responsable CCF : ARCONE Daniela ccf &#8211; at &#8211; fsl.lu Membres: VERHOEVEN Daniel &nbsp; &nbsp; &nbsp; &nbsp; &nbsp;<\/p>\n","protected":false},"author":2,"featured_media":0,"parent":10,"menu_order":3,"comment_status":"closed","ping_status":"open","template":"","meta":{"ngg_post_thumbnail":0,"spay_email":""},"jetpack_sharing_enabled":true,"jetpack_shortlink":"https:\/\/wp.me\/P9222d-6","jetpack-related-posts":[{"id":30,"url":"https:\/\/www.fsl.lu\/index.php\/clubs\/communities-squash-club\/","url_meta":{"origin":6,"position":0},"title":"EU Squash Club","date":"August 19, 2005","format":false,"excerpt":"Official address: EU Squash Club c\/o M. Antoni BROSSA PALET OPOCE 2 rue Mercier L - 2985 Luxembourg Tel. : 29 29 44 599 Web Site: https:\/\/eusclux.wordpress.com President: BROSSA PALET, Antoni Tel. : (see annuaire) info@eusclux.eu Vice-President: MAZUR, Karolina Tel. : (see annuaire) info@eusclux.eu Secretary: KR\u0160LIN, Sta\u0161a Tel. : (see\u2026","rel":"","context":"Similar post","img":{"alt_text":"","src":"","width":0,"height":0},"classes":[]},{"id":31,"url":"https:\/\/www.fsl.lu\/index.php\/clubs\/lazy-lob\/","url_meta":{"origin":6,"position":1},"title":"Lazy Lob","date":"August 19, 2005","format":false,"excerpt":"\u00a0 Official address:\u00a0 c\/o Roadway, Adrian 124, rue de la For\u00eat L-6979 RAMELDANGE President:\u00a0 ROADWAY, Adrian \u00a0\u00a0\u00a0\u00a0\u00a0\u00a0\u00a0 Tel. priv. : 33 12 39 \u00a0\u00a0\u00a0\u00a0\u00a0\u00a0\u00a0\u00a0 avroadway@pt.lu Secretary: ROADWAY, Adrian Treasurer: ROADWAY, Adrian FSL Rep.:\u00a0 ROADWAY, Adrian Licence and Medical: ROADWAY, Adrian \u00a0 \u00a0 \u00a0 Installation: Top Squash Sandweiler Right turn off\u2026","rel":"","context":"Similar post","img":{"alt_text":"","src":"","width":0,"height":0},"classes":[]},{"id":33,"url":"https:\/\/www.fsl.lu\/index.php\/clubs\/squash-club-de-petange\/","url_meta":{"origin":6,"position":2},"title":"Squash Club de P\u00e9tange","date":"August 19, 2005","format":false,"excerpt":"Official address: Squash Club P\u00e9tange Chalet Langwiss 1 rue du Stade L-4711 Linger Web Site: http:\/\/www.squashpetange.lu\/ President: SAVINI, Alex Mob. : (see annuaire) Savini.Alex@outlook.com Vice-president: HAUX, Ken Mob. : (see annuaire) khaux@hotmail.com Secretary: secretariat@squashpetange.lu ou khaux@hotmail.com Treasurer: LIPPERT, Sam FSL Rep.: SAVINI, Alex Licence et M\u00e9dico: SCHANTZEN, Steve Team Captains:\u2026","rel":"","context":"Similar post","img":{"alt_text":"","src":"","width":0,"height":0},"classes":[]},{"id":34,"url":"https:\/\/www.fsl.lu\/index.php\/clubs\/squash-club-sandweiler\/","url_meta":{"origin":6,"position":3},"title":"Squash Club Sandweiler","date":"August 19, 2005","format":false,"excerpt":"Official address: Squash Club Sandweilerc\/o Top Squash25, rue de la GareL-5218 SandweilerTel : +352 35 71 81Fax : +352 35 76 09 Web Site: \u00a0 President: P\u00c9CHEUR, EricMob. : (see annuaire)pecheureric@yahoo.fr Vice-President: CAPURSO, MicheleMob. : (see annuaire)miccapurso@gmail.com Secretary: VALL\u00c9E, ChristopheMob. : (see annuaire)chris.vallee@posteo.net Treasurer: EGER, PhilippeMob. : (see annuaire)philippe.eger@bbh.com FSL\u2026","rel":"","context":"Similar post","img":{"alt_text":"","src":"","width":0,"height":0},"classes":[]},{"id":29,"url":"https:\/\/www.fsl.lu\/index.php\/clubs\/angels-squash-club\/","url_meta":{"origin":6,"position":4},"title":"Angels Squash Club","date":"August 19, 2005","format":false,"excerpt":"Official address: 16, rue Georges HamenL-5219 Sandweiler Web Site: http:\/\/www.angelssquash.net President: NIGHTINGALE, TonyGSM. : (see annuaire) tnightingale@ebn-net.com Secretary: CRAIGHERO, Christine Treasurer: BODIN, Daviddavebodin@yahoo.fr FSL Rep.: GOGGINS, Fiachna Team Captains: 1, 2, 3 & Ladies:angelscaptains@gmail.comDARLINGTON, JackGSM. : (see annuaire)MASSET, EricGSM. : (see annuaire) Top Squash25 rue de la gare,L-5218 Sandweiler \u00a0","rel":"","context":"Similar post","img":{"alt_text":"","src":"","width":0,"height":0},"classes":[]},{"id":1934,"url":"https:\/\/www.fsl.lu\/index.php\/clubs\/topsquashclub\/","url_meta":{"origin":6,"position":5},"title":"Top Squash Sandweiler","date":"March 2, 2018","format":false,"excerpt":"Official address: Top Squash 25, rue de la Gare L-5218 Sandweiler Tel : +352 35 71 81 Fax : +352 35 76 09 \u00a0 Web Site: www.topsquash.lu \u00a0 President: SNEYD, Nathan Tel. bur. : 35 71 81 Mob. : (see annuaire) nathan.sneyd@topsquash.lu \u00a0 Secretary: \u00a0 \u00a0 Treasurer: \u00a0 \u00a0 FSL\u2026","rel":"","context":"Similar post","img":{"alt_text":"","src":"","width":0,"height":0},"classes":[]}],"jetpack_likes_enabled":true,"_links":{"self":[{"href":"https:\/\/www.fsl.lu\/index.php\/wp-json\/wp\/v2\/pages\/6"}],"collection":[{"href":"https:\/\/www.fsl.lu\/index.php\/wp-json\/wp\/v2\/pages"}],"about":[{"href":"https:\/\/www.fsl.lu\/index.php\/wp-json\/wp\/v2\/types\/page"}],"author":[{"embeddable":true,"href":"https:\/\/www.fsl.lu\/index.php\/wp-json\/wp\/v2\/users\/2"}],"replies":[{"embeddable":true,"href":"https:\/\/www.fsl.lu\/index.php\/wp-json\/wp\/v2\/comments?post=6"}],"version-history":[{"count":24,"href":"https:\/\/www.fsl.lu\/index.php\/wp-json\/wp\/v2\/pages\/6\/revisions"}],"predecessor-version":[{"id":5658,"href":"https:\/\/www.fsl.lu\/index.php\/wp-json\/wp\/v2\/pages\/6\/revisions\/5658"}],"up":[{"embeddable":true,"href":"https:\/\/www.fsl.lu\/index.php\/wp-json\/wp\/v2\/pages\/10"}],"wp:attachment":[{"href":"https:\/\/www.fsl.lu\/index.php\/wp-json\/wp\/v2\/media?parent=6"}],"curies":[{"name":"wp","href":"https:\/\/api.w.org\/{rel}","templated":true}]}}