{"id":8,"date":"2005-08-17T11:00:10","date_gmt":"2005-08-17T11:00:10","guid":{"rendered":"http:\/\/fsl.lu\/index.php\/2005\/08\/17\/technical-committee\/"},"modified":"2024-09-02T09:38:33","modified_gmt":"2024-09-02T09:38:33","slug":"technical-committee","status":"publish","type":"page","link":"https:\/\/www.fsl.lu\/index.php\/history\/technical-committee\/","title":{"rendered":"Technical Committee"},"content":{"rendered":"<ul>\n<li>Responsable : PLANCKE, Guillaume<\/li>\n<li>Licences, M\u00e9dicos, Results &amp; Rankings : P\u00c9CHEUR, \u00c9ric<\/li>\n<\/ul>\n<p>Autres membres:<\/p>\n<ul>\n<li>RICKELL Adam<\/li>\n<li>HEBBELINCK Kyllian<\/li>\n<li>MASSET \u00c9ric<\/li>\n<\/ul>\n","protected":false},"excerpt":{"rendered":"<p>Responsable : PLANCKE, Guillaume Licences, M\u00e9dicos, Results &amp; Rankings : P\u00c9CHEUR, \u00c9ric Autres membres: RICKELL Adam HEBBELINCK Kyllian MASSET \u00c9ric<\/p>\n","protected":false},"author":2,"featured_media":0,"parent":10,"menu_order":1,"comment_status":"closed","ping_status":"open","template":"","meta":{"ngg_post_thumbnail":0,"spay_email":""},"jetpack_sharing_enabled":true,"jetpack_shortlink":"https:\/\/wp.me\/P9222d-8","jetpack-related-posts":[{"id":34,"url":"https:\/\/www.fsl.lu\/index.php\/clubs\/squash-club-sandweiler\/","url_meta":{"origin":8,"position":0},"title":"Squash Club Sandweiler","date":"August 19, 2005","format":false,"excerpt":"Official address: Squash Club Sandweilerc\/o Top Squash25, rue de la GareL-5218 SandweilerTel : +352 35 71 81Fax : +352 35 76 09 Web Site: \u00a0 President: P\u00c9CHEUR, EricMob. : (see annuaire)pecheureric@yahoo.fr Vice-President: CAPURSO, MicheleMob. : (see annuaire)miccapurso@gmail.com Secretary: VALL\u00c9E, ChristopheMob. : (see annuaire)chris.vallee@posteo.net Treasurer: EGER, PhilippeMob. : (see annuaire)philippe.eger@bbh.com FSL\u2026","rel":"","context":"Similar post","img":{"alt_text":"","src":"","width":0,"height":0},"classes":[]},{"id":1404,"url":"https:\/\/www.fsl.lu\/index.php\/teams-championship-results-and-standing\/","url_meta":{"origin":8,"position":1},"title":"Teams championship results and standings 18-19","date":"September 29, 2017","format":false,"excerpt":"","rel":"","context":"In &quot;News&quot;","img":{"alt_text":"","src":"https:\/\/i0.wp.com\/www.fsl.lu\/wp-content\/uploads\/2019\/05\/LadiesClassement2018-2019-2.jpg?resize=350%2C200&ssl=1","width":350,"height":200},"classes":[]},{"id":1401,"url":"https:\/\/www.fsl.lu\/index.php\/print-a-doc\/","url_meta":{"origin":8,"position":2},"title":"Official documents","date":"September 27, 2017","format":false,"excerpt":"Annuaire 2025-2026 V1.1 R\u00c8GLEMENT CLASSEMENT FSL V1.0 R\u00c8GLEMENT LICENCES V1.1 TYPES DE LICENCES R\u00c8GLEMENT CHAMPIONNAT PAR \u00c9QUIPES V1.2 R\u00c8GLEMENT COUPE DE LUXEMBOURG V1.1 R\u00c8GLEMENT DE BASE TOURNOIS FSL V1.0 Formulaire licence comp\u00e9tition Formulaire licence loisir, arbitre, entra\u00eeneur, dirigeant Conditions g\u00e9n\u00e9rales responsabilit\u00e9 civile accident Formulaire Feuille de match Formulaire Score sheet\u2026","rel":"","context":"In &quot;Official Documents&quot;","img":{"alt_text":"","src":"","width":0,"height":0},"classes":[]},{"id":29,"url":"https:\/\/www.fsl.lu\/index.php\/clubs\/angels-squash-club\/","url_meta":{"origin":8,"position":3},"title":"Angels Squash Club","date":"August 19, 2005","format":false,"excerpt":"Official address: 16, rue Georges HamenL-5219 Sandweiler Web Site: http:\/\/www.angelssquash.net President: NIGHTINGALE, TonyGSM. : (see annuaire) tnightingale@ebn-net.com Secretary: CRAIGHERO, Christine Treasurer: BODIN, Daviddavebodin@yahoo.fr FSL Rep.: GOGGINS, Fiachna Team Captains: 1, 2, 3 & Ladies:angelscaptains@gmail.comDARLINGTON, JackGSM. : (see annuaire)MASSET, EricGSM. : (see annuaire) Top Squash25 rue de la gare,L-5218 Sandweiler \u00a0","rel":"","context":"Similar post","img":{"alt_text":"","src":"","width":0,"height":0},"classes":[]},{"id":590,"url":"https:\/\/www.fsl.lu\/index.php\/clubs\/thionville\/","url_meta":{"origin":8,"position":4},"title":"Thionville","date":"August 19, 2005","format":false,"excerpt":"\u00a0 Official address: Espace Energie 12, rue des Balanciers F-57100 Thionville Te\u0301l. : (33) 3 82 51 39 49 President: SIEBERT, Eric 14A rue des Romains F-57100 Kuntzig ecoyote66@aol.com Mobile: (33) 6 65 85 22 67 Secretary: LEGILLE, Jacqueline Les Etangs F-57100 Manom Mobile: (33) 6 13 26 32 39\u2026","rel":"","context":"Similar post","img":{"alt_text":"","src":"","width":0,"height":0},"classes":[]}],"jetpack_likes_enabled":true,"_links":{"self":[{"href":"https:\/\/www.fsl.lu\/index.php\/wp-json\/wp\/v2\/pages\/8"}],"collection":[{"href":"https:\/\/www.fsl.lu\/index.php\/wp-json\/wp\/v2\/pages"}],"about":[{"href":"https:\/\/www.fsl.lu\/index.php\/wp-json\/wp\/v2\/types\/page"}],"author":[{"embeddable":true,"href":"https:\/\/www.fsl.lu\/index.php\/wp-json\/wp\/v2\/users\/2"}],"replies":[{"embeddable":true,"href":"https:\/\/www.fsl.lu\/index.php\/wp-json\/wp\/v2\/comments?post=8"}],"version-history":[{"count":15,"href":"https:\/\/www.fsl.lu\/index.php\/wp-json\/wp\/v2\/pages\/8\/revisions"}],"predecessor-version":[{"id":5632,"href":"https:\/\/www.fsl.lu\/index.php\/wp-json\/wp\/v2\/pages\/8\/revisions\/5632"}],"up":[{"embeddable":true,"href":"https:\/\/www.fsl.lu\/index.php\/wp-json\/wp\/v2\/pages\/10"}],"wp:attachment":[{"href":"https:\/\/www.fsl.lu\/index.php\/wp-json\/wp\/v2\/media?parent=8"}],"curies":[{"name":"wp","href":"https:\/\/api.w.org\/{rel}","templated":true}]}}