{"id":9,"date":"2005-08-17T11:19:50","date_gmt":"2005-08-17T11:19:50","guid":{"rendered":"http:\/\/fsl.lu\/index.php\/2005\/08\/17\/address\/"},"modified":"2017-07-26T18:26:58","modified_gmt":"2017-07-26T18:26:58","slug":"address","status":"publish","type":"page","link":"https:\/\/www.fsl.lu\/index.php\/history\/address\/","title":{"rendered":"Address"},"content":{"rendered":"<p style=\"margin: 0in 0in 0pt;\"> \t<strong><span lang=\"FR\">Postal Address :<\/span><\/strong><\/p>\n<p style=\"margin: 0in 0in 0pt;\"> \t&nbsp;<\/p>\n<p style=\"margin: 0in 0in 0pt;\"> \t<strong><span lang=\"FR\">F\u00e9d\u00e9ration de Squash Luxembourgeoise<\/span><\/strong><br \/> \t<span lang=\"FR\">B.P. 1255<\/span><\/p>\n<p style=\"margin: 0in 0in 0pt;\"> \tL-1012 Luxembourg<\/p>\n<p> \t&nbsp;<\/p>\n<p style=\"margin: 0in 0in 0pt;\"> \t<strong><span lang=\"FR\">Address :<\/span><\/strong><\/p>\n<p> \t<strong><span lang=\"FR\">Comit\u00e9 Olympique et Sportif Luxembourgeois a.s.b.l.<\/span><\/strong><\/p>\n<p> \t<strong><span lang=\"FR\">F\u00e9d\u00e9ration de Squash Luxembourgeoise<\/span><\/strong><\/p>\n<p> \t3, route d&#8217;Arlon<\/p>\n<p> \tL-8009 Strassen<\/p>\n<p style=\"margin: 0in 0in 0pt;\"> \t<span lang=\"FR\">Luxembourg<\/span><\/p>\n<p style=\"margin: 0in 0in 0pt;\"> \t&nbsp;<\/p>\n<p style=\"margin: 0in 0in 0pt;\"> \t<a href=\"&#109;&#x61;&#105;&#x6c;t&#x6f;:&#99;&#x6f;&#110;&#x74;a&#x63;t&#64;&#x66;&#115;&#x6c;&#46;&#x6c;u\">&#99;&#x6f;&#110;&#x74;a&#99;&#x74;&#64;&#x66;s&#x6c;&#46;&#108;&#x75;<\/a><\/p>\n","protected":false},"excerpt":{"rendered":"<p>Postal Address : &nbsp; F\u00e9d\u00e9ration de Squash Luxembourgeoise B.P. 1255 L-1012 Luxembourg &nbsp; Address : Comit\u00e9 Olympique et Sportif Luxembourgeois a.s.b.l. F\u00e9d\u00e9ration de Squash Luxembourgeoise 3, route d&#8217;Arlon L-8009 Strassen Luxembourg &nbsp; &#x63;&#111;&#110;t&#x61;&#x63;&#116;&#64;&#x66;&#x73;&#108;&#46;&#x6c;&#x75;<\/p>\n","protected":false},"author":2,"featured_media":0,"parent":10,"menu_order":1,"comment_status":"closed","ping_status":"open","template":"","meta":{"ngg_post_thumbnail":0,"spay_email":""},"jetpack_sharing_enabled":true,"jetpack_shortlink":"https:\/\/wp.me\/P9222d-9","jetpack-related-posts":[{"id":10,"url":"https:\/\/www.fsl.lu\/index.php\/history\/","url_meta":{"origin":9,"position":0},"title":"FSL","date":"August 17, 2005","format":false,"excerpt":"SQUASH IN LUXEMBOURG Squash made its first appearance in Luxembourg during the 1960s. Introduced by certain Luxembourgers, notably Colette Flesch and Marc Meyer, who discovered the sport in the USA. With the help of a squash fanatic, Francis Hoogewerf, the first court was established in a warehouse in Findel which\u2026","rel":"","context":"Similar post","img":{"alt_text":"","src":"","width":0,"height":0},"classes":[]},{"id":30,"url":"https:\/\/www.fsl.lu\/index.php\/clubs\/communities-squash-club\/","url_meta":{"origin":9,"position":1},"title":"EU Squash Club","date":"August 19, 2005","format":false,"excerpt":"Official address: EU Squash Club c\/o M. Antoni BROSSA PALET OPOCE 2 rue Mercier L - 2985 Luxembourg Tel. : 29 29 44 599 Web Site: https:\/\/eusclux.wordpress.com President: BROSSA PALET, Antoni Tel. : (see annuaire) info@eusclux.eu Vice-President: MAZUR, Karolina Tel. : (see annuaire) info@eusclux.eu Secretary: KR\u0160LIN, Sta\u0161a Tel. : (see\u2026","rel":"","context":"Similar post","img":{"alt_text":"","src":"","width":0,"height":0},"classes":[]},{"id":733,"url":"https:\/\/www.fsl.lu\/index.php\/clubs\/g-squash-club\/","url_meta":{"origin":9,"position":2},"title":"G Squash Club","date":"August 19, 2005","format":false,"excerpt":"Official address: G Squash Club 36B Bd Robert Schuman L-2340 Olm Web Site: \u00a0 President: WIDART, David Mob. : (see annuaire) davidwidart@hotmail.com Secretary: VAN WILDERODE, Philippe Mob.: (see annuaire) philippe.vanwilderode@gmail.com Treasurer: GACOIN, Benjamin Mob.: (see annuaire) ben_gacoin@hotmail.com FSL Rep.: WIDART, David Licence et M\u00e9dico: WIDART, David Team Captains: All 4\u2026","rel":"","context":"Similar post","img":{"alt_text":"","src":"","width":0,"height":0},"classes":[]},{"id":33,"url":"https:\/\/www.fsl.lu\/index.php\/clubs\/squash-club-de-petange\/","url_meta":{"origin":9,"position":3},"title":"Squash Club de P\u00e9tange","date":"August 19, 2005","format":false,"excerpt":"Official address: Squash Club P\u00e9tange Chalet Langwiss 1 rue du Stade L-4711 Linger Web Site: http:\/\/www.squashpetange.lu\/ President: SAVINI, Alex Mob. : (see annuaire) Savini.Alex@outlook.com Vice-president: HAUX, Ken Mob. : (see annuaire) khaux@hotmail.com Secretary: secretariat@squashpetange.lu ou khaux@hotmail.com Treasurer: LIPPERT, Sam FSL Rep.: SAVINI, Alex Licence et M\u00e9dico: SCHANTZEN, Steve Team Captains:\u2026","rel":"","context":"Similar post","img":{"alt_text":"","src":"","width":0,"height":0},"classes":[]},{"id":1936,"url":"https:\/\/www.fsl.lu\/index.php\/clubs\/ultimate\/","url_meta":{"origin":9,"position":4},"title":"Ultimate Squash Club","date":"March 4, 2018","format":false,"excerpt":"Official address: Ultimate Squash Club10 om KlaeppchenL-5682 Dahleim Web Site: \u00a0 President: RICKELL, AdamMob.: (see annuaire)adamrickell@icloud.com Secretary: KIKANO, PaulMob. : (see annuaire)paulkikano@gmail.com Treasurer: INGLIS-SMITH, DanielMob.: (see annuaire)danielinglissmith@hotmail.com FSL Rep.: RICKELL, Adam Licence et M\u00e9dico: RICKELL, Adam Team Captains: All teams:WEARE, ChrisMob. : (see annuaire)chriswjweare@hotmail.comREID, AlistairMob. : (see annuaire)alistair.reid88@gmail.com CK Sportcenter\u2026","rel":"","context":"Similar post","img":{"alt_text":"","src":"","width":0,"height":0},"classes":[]},{"id":32,"url":"https:\/\/www.fsl.lu\/index.php\/clubs\/dexia-squash-club\/","url_meta":{"origin":9,"position":5},"title":"BIL Squash Club","date":"August 19, 2005","format":false,"excerpt":"\u00a0 Official address:\u00a0 BIL Squash Attn. COLART, Marc 69, Route d'Esch L-2953 Luxembourg Fax : 45 90 41 35 President: COLART, Marc \u00a0\u00a0\u00a0\u00a0\u00a0\u00a0\u00a0\u00a0 Tel. office : 45 90 4135 \u00a0\u00a0\u00a0\u00a0\u00a0\u00a0\u00a0\u00a0 Mob. : 621 29 83 26 \u00a0\u00a0\u00a0\u00a0\u00a0\u00a0\u00a0\u00a0 marc.colart@bil.com Secretary: COLART, Marc \u00a0\u00a0\u00a0\u00a0\u00a0\u00a0\u00a0\u00a0 Tel. office : 45 90 4135 \u00a0\u00a0\u00a0\u00a0\u00a0\u00a0\u00a0\u00a0 Mob.\u2026","rel":"","context":"Similar post","img":{"alt_text":"","src":"","width":0,"height":0},"classes":[]}],"jetpack_likes_enabled":true,"_links":{"self":[{"href":"https:\/\/www.fsl.lu\/index.php\/wp-json\/wp\/v2\/pages\/9"}],"collection":[{"href":"https:\/\/www.fsl.lu\/index.php\/wp-json\/wp\/v2\/pages"}],"about":[{"href":"https:\/\/www.fsl.lu\/index.php\/wp-json\/wp\/v2\/types\/page"}],"author":[{"embeddable":true,"href":"https:\/\/www.fsl.lu\/index.php\/wp-json\/wp\/v2\/users\/2"}],"replies":[{"embeddable":true,"href":"https:\/\/www.fsl.lu\/index.php\/wp-json\/wp\/v2\/comments?post=9"}],"version-history":[{"count":1,"href":"https:\/\/www.fsl.lu\/index.php\/wp-json\/wp\/v2\/pages\/9\/revisions"}],"predecessor-version":[{"id":1022,"href":"https:\/\/www.fsl.lu\/index.php\/wp-json\/wp\/v2\/pages\/9\/revisions\/1022"}],"up":[{"embeddable":true,"href":"https:\/\/www.fsl.lu\/index.php\/wp-json\/wp\/v2\/pages\/10"}],"wp:attachment":[{"href":"https:\/\/www.fsl.lu\/index.php\/wp-json\/wp\/v2\/media?parent=9"}],"curies":[{"name":"wp","href":"https:\/\/api.w.org\/{rel}","templated":true}]}}